{"id":83,"date":"2026-03-05T17:59:21","date_gmt":"2026-03-05T17:59:21","guid":{"rendered":"https:\/\/lafuenteceramics.com\/index.php\/about\/"},"modified":"2026-04-28T12:06:17","modified_gmt":"2026-04-28T12:06:17","slug":"about","status":"publish","type":"page","link":"https:\/\/lafuenteceramics.com\/index.php\/about\/","title":{"rendered":"ABOUT THE ARTIST"},"content":{"rendered":"\t\t<div data-elementor-type=\"wp-page\" data-elementor-id=\"83\" class=\"elementor elementor-83\" data-elementor-post-type=\"page\">\n\t\t\t\t<div class=\"elementor-element elementor-element-1317c08f e-con-full e-flex e-con e-parent\" data-id=\"1317c08f\" data-element_type=\"container\" data-e-type=\"container\">\n\t\t<div class=\"elementor-element elementor-element-6bf3945e e-con-full e-flex e-con e-child\" data-id=\"6bf3945e\" data-element_type=\"container\" data-e-type=\"container\">\n\t\t\t\t<div class=\"elementor-element elementor-element-258f778 elementor-widget elementor-widget-image\" data-id=\"258f778\" data-element_type=\"widget\" data-e-type=\"widget\" data-widget_type=\"image.default\">\n\t\t\t\t\t\t\t\t\t\t\t\t\t\t\t<img fetchpriority=\"high\" decoding=\"async\" width=\"2051\" height=\"2560\" src=\"https:\/\/lafuenteceramics.com\/wp-content\/uploads\/2026\/03\/DSCF8617-scaled.webp\" class=\"attachment-full size-full wp-image-143\" alt=\"Dyron Lafuente esculturas\" srcset=\"https:\/\/lafuenteceramics.com\/wp-content\/uploads\/2026\/03\/DSCF8617-scaled.webp 2051w, https:\/\/lafuenteceramics.com\/wp-content\/uploads\/2026\/03\/DSCF8617-240x300.webp 240w, https:\/\/lafuenteceramics.com\/wp-content\/uploads\/2026\/03\/DSCF8617-820x1024.webp 820w, https:\/\/lafuenteceramics.com\/wp-content\/uploads\/2026\/03\/DSCF8617-768x959.webp 768w, https:\/\/lafuenteceramics.com\/wp-content\/uploads\/2026\/03\/DSCF8617-1230x1536.webp 1230w, https:\/\/lafuenteceramics.com\/wp-content\/uploads\/2026\/03\/DSCF8617-1640x2048.webp 1640w\" sizes=\"(max-width: 2051px) 100vw, 2051px\" \/>\t\t\t\t\t\t\t\t\t\t\t\t\t\t\t<\/div>\n\t\t\t\t<\/div>\n\t\t<div class=\"elementor-element elementor-element-1d1ceeb7 e-con-full e-flex e-con e-child\" data-id=\"1d1ceeb7\" data-element_type=\"container\" data-e-type=\"container\">\n\t\t\t\t<div class=\"elementor-element elementor-element-5441cb66 elementor-widget elementor-widget-heading\" data-id=\"5441cb66\" data-element_type=\"widget\" data-e-type=\"widget\" data-widget_type=\"heading.default\">\n\t\t\t\t\t<h1 class=\"elementor-heading-title elementor-size-default\">About the artist<\/h1>\t\t\t\t<\/div>\n\t\t\t\t<div class=\"elementor-element elementor-element-6321f01 elementor-widget elementor-widget-text-editor\" data-id=\"6321f01\" data-element_type=\"widget\" data-e-type=\"widget\" data-widget_type=\"text-editor.default\">\n\t\t\t\t\t\t\t\t\t<p>Natural de La Habana y afincado en Sevilla desde hace 2 a\u00f1os, ha encontrado en los movimientos migratorios propios y en el mestizaje cultural su fuente de inspiraci\u00f3n.<\/p><p>Lafuente desarrolla su obra trabajando la cer\u00e1mica moldeada transform\u00e1ndola en formas rotundas con colores intensos, en composiciones que viajan de lo l\u00fadico a lo ritual. Con colores que crean una paleta transatl\u00e1ntica y mezclando lo pop con lo conceptual. Su obra bebe de diferentes dicotom\u00edas como la pertenencia a un lugar por burocracia o sentimiento, los conflictos del arraigo y la continua transformaci\u00f3n del individuo fruto de la adaptaci\u00f3n al nuevo medio.<\/p><p>Mediante el uso de un lenguaje formal directo pero profundamente simb\u00f3lico, Dyron descontextualiza objetos y estructuras para hablar de pertenencia, ausencia de esta y transformaci\u00f3n.<\/p>\t\t\t\t\t\t\t\t<\/div>\n\t\t\t\t<div class=\"elementor-element elementor-element-525cf065 elementor-widget elementor-widget-icon-box\" data-id=\"525cf065\" data-element_type=\"widget\" data-e-type=\"widget\" data-widget_type=\"icon-box.default\">\n\t\t\t\t\t\t\t<div class=\"elementor-icon-box-wrapper\">\n\n\t\t\t\n\t\t\t\t\t\t<div class=\"elementor-icon-box-content\">\n\n\t\t\t\t\t\t\t\t\t<p class=\"elementor-icon-box-title\">\n\t\t\t\t\t\t<span  >\n\t\t\t\t\t\t\t\"Vengo de todas partes y hacia todas partes voy\" Jos\u00e9 Mart\u00ed \t\t\t\t\t\t<\/span>\n\t\t\t\t\t<\/p>\n\t\t\t\t\n\t\t\t\t\n\t\t\t<\/div>\n\t\t\t\n\t\t<\/div>\n\t\t\t\t\t\t<\/div>\n\t\t\t\t<\/div>\n\t\t\t\t<\/div>\n\t\t<div class=\"elementor-element elementor-element-410bcbf7 e-con-full elementor-hidden-desktop elementor-hidden-tablet elementor-hidden-mobile e-flex e-con e-parent\" data-id=\"410bcbf7\" data-element_type=\"container\" data-e-type=\"container\" data-settings=\"{&quot;background_background&quot;:&quot;classic&quot;}\">\n\t\t\t\t<div class=\"elementor-element elementor-element-73e657dd elementor-widget elementor-widget-heading\" data-id=\"73e657dd\" data-element_type=\"widget\" data-e-type=\"widget\" data-widget_type=\"heading.default\">\n\t\t\t\t\t<h2 class=\"elementor-heading-title elementor-size-default\">As Featured In<\/h2>\t\t\t\t<\/div>\n\t\t\t\t<div class=\"elementor-element elementor-element-36db32f1 elementor-widget elementor-widget-heading\" data-id=\"36db32f1\" data-element_type=\"widget\" data-e-type=\"widget\" data-widget_type=\"heading.default\">\n\t\t\t\t\t<h5 class=\"elementor-heading-title elementor-size-default\">This is a space to showcase any publications your work has been featured in<\/h5>\t\t\t\t<\/div>\n\t\t\t\t<\/div>\n\t\t<div class=\"elementor-element elementor-element-48f76e30 e-con-full elementor-hidden-desktop elementor-hidden-tablet elementor-hidden-mobile e-flex e-con e-parent\" data-id=\"48f76e30\" data-element_type=\"container\" data-e-type=\"container\">\n\t\t\t\t<div class=\"elementor-element elementor-element-778417ff elementor-widget elementor-widget-heading\" data-id=\"778417ff\" data-element_type=\"widget\" data-e-type=\"widget\" data-widget_type=\"heading.default\">\n\t\t\t\t\t<h2 class=\"elementor-heading-title elementor-size-default\">Recent Projects<\/h2>\t\t\t\t<\/div>\n\t\t\t\t<div class=\"elementor-element elementor-element-2722b25a elementor-widget elementor-widget-heading\" data-id=\"2722b25a\" data-element_type=\"widget\" data-e-type=\"widget\" data-widget_type=\"heading.default\">\n\t\t\t\t\t<h5 class=\"elementor-heading-title elementor-size-default\">A short description that introduces visitors to your portfolio<\/h5>\t\t\t\t<\/div>\n\t\t\t\t<div class=\"elementor-element elementor-element-1cd0ad96 gallery-spacing-custom elementor-widget elementor-widget-image-gallery\" data-id=\"1cd0ad96\" data-element_type=\"widget\" data-e-type=\"widget\" data-widget_type=\"image-gallery.default\">\n\t\t\t\t\t\t\t<div class=\"elementor-image-gallery\">\n\t\t\t<div id='gallery-1' class='gallery galleryid-83 gallery-columns-3 gallery-size-full'><figure class='gallery-item'>\n\t\t\t<div class='gallery-icon landscape'>\n\t\t\t\t<a data-elementor-open-lightbox=\"yes\" data-elementor-lightbox-slideshow=\"1cd0ad96\" data-elementor-lightbox-title=\"526x526_01.jpg\" data-e-action-hash=\"#elementor-action%3Aaction%3Dlightbox%26settings%3DeyJpZCI6NzcsInVybCI6Imh0dHBzOlwvXC9sYWZ1ZW50ZWNlcmFtaWNzLmNvbVwvd3AtY29udGVudFwvdXBsb2Fkc1wvMjAyNlwvMDNcLzUyNng1MjZfMDEuanBnIiwic2xpZGVzaG93IjoiMWNkMGFkOTYifQ%3D%3D\" href='https:\/\/lafuenteceramics.com\/wp-content\/uploads\/2026\/03\/526x526_01.jpg'><img decoding=\"async\" width=\"526\" height=\"526\" src=\"https:\/\/lafuenteceramics.com\/wp-content\/uploads\/2026\/03\/526x526_01.jpg\" class=\"attachment-full size-full\" alt=\"\" srcset=\"https:\/\/lafuenteceramics.com\/wp-content\/uploads\/2026\/03\/526x526_01.jpg 526w, https:\/\/lafuenteceramics.com\/wp-content\/uploads\/2026\/03\/526x526_01-300x300.jpg 300w, https:\/\/lafuenteceramics.com\/wp-content\/uploads\/2026\/03\/526x526_01-150x150.jpg 150w\" sizes=\"(max-width: 526px) 100vw, 526px\" \/><\/a>\n\t\t\t<\/div><\/figure><figure class='gallery-item'>\n\t\t\t<div class='gallery-icon landscape'>\n\t\t\t\t<a data-elementor-open-lightbox=\"yes\" data-elementor-lightbox-slideshow=\"1cd0ad96\" data-elementor-lightbox-title=\"526x526_02.jpg\" data-e-action-hash=\"#elementor-action%3Aaction%3Dlightbox%26settings%3DeyJpZCI6NzgsInVybCI6Imh0dHBzOlwvXC9sYWZ1ZW50ZWNlcmFtaWNzLmNvbVwvd3AtY29udGVudFwvdXBsb2Fkc1wvMjAyNlwvMDNcLzUyNng1MjZfMDIuanBnIiwic2xpZGVzaG93IjoiMWNkMGFkOTYifQ%3D%3D\" href='https:\/\/lafuenteceramics.com\/wp-content\/uploads\/2026\/03\/526x526_02.jpg'><img decoding=\"async\" width=\"526\" height=\"526\" src=\"https:\/\/lafuenteceramics.com\/wp-content\/uploads\/2026\/03\/526x526_02.jpg\" class=\"attachment-full size-full\" alt=\"\" srcset=\"https:\/\/lafuenteceramics.com\/wp-content\/uploads\/2026\/03\/526x526_02.jpg 526w, https:\/\/lafuenteceramics.com\/wp-content\/uploads\/2026\/03\/526x526_02-300x300.jpg 300w, https:\/\/lafuenteceramics.com\/wp-content\/uploads\/2026\/03\/526x526_02-150x150.jpg 150w\" sizes=\"(max-width: 526px) 100vw, 526px\" \/><\/a>\n\t\t\t<\/div><\/figure><figure class='gallery-item'>\n\t\t\t<div class='gallery-icon landscape'>\n\t\t\t\t<a data-elementor-open-lightbox=\"yes\" data-elementor-lightbox-slideshow=\"1cd0ad96\" data-elementor-lightbox-title=\"526x526.jpg\" data-e-action-hash=\"#elementor-action%3Aaction%3Dlightbox%26settings%3DeyJpZCI6NzksInVybCI6Imh0dHBzOlwvXC9sYWZ1ZW50ZWNlcmFtaWNzLmNvbVwvd3AtY29udGVudFwvdXBsb2Fkc1wvMjAyNlwvMDNcLzUyNng1MjYuanBnIiwic2xpZGVzaG93IjoiMWNkMGFkOTYifQ%3D%3D\" href='https:\/\/lafuenteceramics.com\/wp-content\/uploads\/2026\/03\/526x526.jpg'><img loading=\"lazy\" decoding=\"async\" width=\"526\" height=\"526\" src=\"https:\/\/lafuenteceramics.com\/wp-content\/uploads\/2026\/03\/526x526.jpg\" class=\"attachment-full size-full\" alt=\"\" srcset=\"https:\/\/lafuenteceramics.com\/wp-content\/uploads\/2026\/03\/526x526.jpg 526w, https:\/\/lafuenteceramics.com\/wp-content\/uploads\/2026\/03\/526x526-300x300.jpg 300w, https:\/\/lafuenteceramics.com\/wp-content\/uploads\/2026\/03\/526x526-150x150.jpg 150w\" sizes=\"(max-width: 526px) 100vw, 526px\" \/><\/a>\n\t\t\t<\/div><\/figure>\n\t\t<\/div>\n\t\t<\/div>\n\t\t\t\t\t\t<\/div>\n\t\t\t\t<div class=\"elementor-element elementor-element-6f81d79d elementor-align-center elementor-invisible elementor-widget elementor-widget-button\" data-id=\"6f81d79d\" data-element_type=\"widget\" data-e-type=\"widget\" data-settings=\"{&quot;_animation&quot;:&quot;fadeInDown&quot;}\" data-widget_type=\"button.default\">\n\t\t\t\t\t\t\t\t\t\t<a class=\"elementor-button elementor-button-link elementor-size-sm\" href=\"https:\/\/library.elementor.com\/portfolio-wireframe-2-flexbox\/portfolio\/\">\n\t\t\t\t\t\t<span class=\"elementor-button-content-wrapper\">\n\t\t\t\t\t\t\t\t\t<span class=\"elementor-button-text\">View All Projects<\/span>\n\t\t\t\t\t<\/span>\n\t\t\t\t\t<\/a>\n\t\t\t\t\t\t\t\t<\/div>\n\t\t\t\t<\/div>\n\t\t<div class=\"elementor-element elementor-element-79296d2b e-con-full e-flex e-con e-parent\" data-id=\"79296d2b\" data-element_type=\"container\" data-e-type=\"container\" data-settings=\"{&quot;background_background&quot;:&quot;classic&quot;}\">\n\t\t<div class=\"elementor-element elementor-element-510b9c74 e-con-full e-flex e-con e-child\" data-id=\"510b9c74\" data-element_type=\"container\" data-e-type=\"container\">\n\t\t\t\t<div class=\"elementor-element elementor-element-352d86 elementor-widget elementor-widget-heading\" data-id=\"352d86\" data-element_type=\"widget\" data-e-type=\"widget\" data-widget_type=\"heading.default\">\n\t\t\t\t\t<h2 class=\"elementor-heading-title elementor-size-default\">Contact<\/h2>\t\t\t\t<\/div>\n\t\t\t\t<div class=\"elementor-element elementor-element-3a9068a0 elementor-widget elementor-widget-text-editor\" data-id=\"3a9068a0\" data-element_type=\"widget\" data-e-type=\"widget\" data-widget_type=\"text-editor.default\">\n\t\t\t\t\t\t\t\t\t<p>Lafuenteceramics@gmail.com<\/p>\t\t\t\t\t\t\t\t<\/div>\n\t\t\t\t<div class=\"elementor-element elementor-element-54af328 elementor-shape-circle e-grid-align-left elementor-grid-0 elementor-widget elementor-widget-social-icons\" data-id=\"54af328\" data-element_type=\"widget\" data-e-type=\"widget\" data-widget_type=\"social-icons.default\">\n\t\t\t\t\t\t\t<div class=\"elementor-social-icons-wrapper elementor-grid\" role=\"list\">\n\t\t\t\t\t\t\t<span class=\"elementor-grid-item\" role=\"listitem\">\n\t\t\t\t\t<a class=\"elementor-icon elementor-social-icon elementor-social-icon-instagram elementor-repeater-item-d64c455\" href=\"https:\/\/www.instagram.com\/lafuente_ceramics\/\" target=\"_blank\">\n\t\t\t\t\t\t<span class=\"elementor-screen-only\">Instagram<\/span>\n\t\t\t\t\t\t<svg aria-hidden=\"true\" class=\"e-font-icon-svg e-fab-instagram\" viewBox=\"0 0 448 512\" xmlns=\"http:\/\/www.w3.org\/2000\/svg\"><path d=\"M224.1 141c-63.6 0-114.9 51.3-114.9 114.9s51.3 114.9 114.9 114.9S339 319.5 339 255.9 287.7 141 224.1 141zm0 189.6c-41.1 0-74.7-33.5-74.7-74.7s33.5-74.7 74.7-74.7 74.7 33.5 74.7 74.7-33.6 74.7-74.7 74.7zm146.4-194.3c0 14.9-12 26.8-26.8 26.8-14.9 0-26.8-12-26.8-26.8s12-26.8 26.8-26.8 26.8 12 26.8 26.8zm76.1 27.2c-1.7-35.9-9.9-67.7-36.2-93.9-26.2-26.2-58-34.4-93.9-36.2-37-2.1-147.9-2.1-184.9 0-35.8 1.7-67.6 9.9-93.9 36.1s-34.4 58-36.2 93.9c-2.1 37-2.1 147.9 0 184.9 1.7 35.9 9.9 67.7 36.2 93.9s58 34.4 93.9 36.2c37 2.1 147.9 2.1 184.9 0 35.9-1.7 67.7-9.9 93.9-36.2 26.2-26.2 34.4-58 36.2-93.9 2.1-37 2.1-147.8 0-184.8zM398.8 388c-7.8 19.6-22.9 34.7-42.6 42.6-29.5 11.7-99.5 9-132.1 9s-102.7 2.6-132.1-9c-19.6-7.8-34.7-22.9-42.6-42.6-11.7-29.5-9-99.5-9-132.1s-2.6-102.7 9-132.1c7.8-19.6 22.9-34.7 42.6-42.6 29.5-11.7 99.5-9 132.1-9s102.7-2.6 132.1 9c19.6 7.8 34.7 22.9 42.6 42.6 11.7 29.5 9 99.5 9 132.1s2.7 102.7-9 132.1z\"><\/path><\/svg>\t\t\t\t\t<\/a>\n\t\t\t\t<\/span>\n\t\t\t\t\t\t\t<span class=\"elementor-grid-item\" role=\"listitem\">\n\t\t\t\t\t<a class=\"elementor-icon elementor-social-icon elementor-social-icon-tiktok elementor-repeater-item-74ec0fd\" href=\"https:\/\/www.tiktok.com\/@lafuenteceramics?_r=1&#038;_t=ZN-94lYrhoxsL0\" target=\"_blank\">\n\t\t\t\t\t\t<span class=\"elementor-screen-only\">Tiktok<\/span>\n\t\t\t\t\t\t<svg aria-hidden=\"true\" class=\"e-font-icon-svg e-fab-tiktok\" viewBox=\"0 0 448 512\" xmlns=\"http:\/\/www.w3.org\/2000\/svg\"><path d=\"M448,209.91a210.06,210.06,0,0,1-122.77-39.25V349.38A162.55,162.55,0,1,1,185,188.31V278.2a74.62,74.62,0,1,0,52.23,71.18V0l88,0a121.18,121.18,0,0,0,1.86,22.17h0A122.18,122.18,0,0,0,381,102.39a121.43,121.43,0,0,0,67,20.14Z\"><\/path><\/svg>\t\t\t\t\t<\/a>\n\t\t\t\t<\/span>\n\t\t\t\t\t<\/div>\n\t\t\t\t\t\t<\/div>\n\t\t\t\t<div class=\"elementor-element elementor-element-52ad0315 elementor-invisible elementor-widget elementor-widget-button\" data-id=\"52ad0315\" data-element_type=\"widget\" data-e-type=\"widget\" data-settings=\"{&quot;_animation&quot;:&quot;fadeInDown&quot;}\" data-widget_type=\"button.default\">\n\t\t\t\t\t\t\t\t\t\t<a class=\"elementor-button elementor-button-link elementor-size-sm\" href=\"https:\/\/lafuenteceramics.com\/index.php\/contact\/\">\n\t\t\t\t\t\t<span class=\"elementor-button-content-wrapper\">\n\t\t\t\t\t\t\t\t\t<span class=\"elementor-button-text\">Get in touch<\/span>\n\t\t\t\t\t<\/span>\n\t\t\t\t\t<\/a>\n\t\t\t\t\t\t\t\t<\/div>\n\t\t\t\t<\/div>\n\t\t<div class=\"elementor-element elementor-element-7df6c05d e-con-full e-flex e-con e-child\" data-id=\"7df6c05d\" data-element_type=\"container\" data-e-type=\"container\">\n\t\t\t\t<div class=\"elementor-element elementor-element-30d25159 elementor-widget elementor-widget-image\" data-id=\"30d25159\" data-element_type=\"widget\" data-e-type=\"widget\" data-widget_type=\"image.default\">\n\t\t\t\t\t\t\t\t\t\t\t\t\t\t\t<img loading=\"lazy\" decoding=\"async\" width=\"2051\" height=\"1532\" src=\"https:\/\/lafuenteceramics.com\/wp-content\/uploads\/2026\/03\/DSCF8662-scaled-e1774013240428.webp\" class=\"attachment-full size-full wp-image-148\" alt=\"Peineta Dyron La Fuente\" srcset=\"https:\/\/lafuenteceramics.com\/wp-content\/uploads\/2026\/03\/DSCF8662-scaled-e1774013240428.webp 2051w, https:\/\/lafuenteceramics.com\/wp-content\/uploads\/2026\/03\/DSCF8662-scaled-e1774013240428-300x224.webp 300w, https:\/\/lafuenteceramics.com\/wp-content\/uploads\/2026\/03\/DSCF8662-scaled-e1774013240428-1024x765.webp 1024w, https:\/\/lafuenteceramics.com\/wp-content\/uploads\/2026\/03\/DSCF8662-scaled-e1774013240428-768x574.webp 768w, https:\/\/lafuenteceramics.com\/wp-content\/uploads\/2026\/03\/DSCF8662-scaled-e1774013240428-1536x1147.webp 1536w, https:\/\/lafuenteceramics.com\/wp-content\/uploads\/2026\/03\/DSCF8662-scaled-e1774013240428-2048x1530.webp 2048w\" sizes=\"(max-width: 2051px) 100vw, 2051px\" \/>\t\t\t\t\t\t\t\t\t\t\t\t\t\t\t<\/div>\n\t\t\t\t<\/div>\n\t\t\t\t<\/div>\n\t\t\t\t<\/div>\n\t\t","protected":false},"excerpt":{"rendered":"<p>About the artist Natural de La Habana y afincado en Sevilla desde hace 2 a\u00f1os, ha encontrado en los movimientos migratorios propios y en el mestizaje cultural su fuente de inspiraci\u00f3n. Lafuente desarrolla su obra trabajando la cer\u00e1mica moldeada transform\u00e1ndola en formas rotundas con colores intensos, en composiciones que viajan de lo l\u00fadico a lo [&hellip;]<\/p>\n","protected":false},"author":1,"featured_media":88,"parent":0,"menu_order":0,"comment_status":"closed","ping_status":"closed","template":"elementor_header_footer","meta":{"footnotes":""},"class_list":["post-83","page","type-page","status-publish","has-post-thumbnail","hentry"],"_links":{"self":[{"href":"https:\/\/lafuenteceramics.com\/index.php\/wp-json\/wp\/v2\/pages\/83","targetHints":{"allow":["GET"]}}],"collection":[{"href":"https:\/\/lafuenteceramics.com\/index.php\/wp-json\/wp\/v2\/pages"}],"about":[{"href":"https:\/\/lafuenteceramics.com\/index.php\/wp-json\/wp\/v2\/types\/page"}],"author":[{"embeddable":true,"href":"https:\/\/lafuenteceramics.com\/index.php\/wp-json\/wp\/v2\/users\/1"}],"replies":[{"embeddable":true,"href":"https:\/\/lafuenteceramics.com\/index.php\/wp-json\/wp\/v2\/comments?post=83"}],"version-history":[{"count":42,"href":"https:\/\/lafuenteceramics.com\/index.php\/wp-json\/wp\/v2\/pages\/83\/revisions"}],"predecessor-version":[{"id":478,"href":"https:\/\/lafuenteceramics.com\/index.php\/wp-json\/wp\/v2\/pages\/83\/revisions\/478"}],"wp:featuredmedia":[{"embeddable":true,"href":"https:\/\/lafuenteceramics.com\/index.php\/wp-json\/wp\/v2\/media\/88"}],"wp:attachment":[{"href":"https:\/\/lafuenteceramics.com\/index.php\/wp-json\/wp\/v2\/media?parent=83"}],"curies":[{"name":"wp","href":"https:\/\/api.w.org\/{rel}","templated":true}]}}