{"id":102,"date":"2026-03-05T17:59:24","date_gmt":"2026-03-05T17:59:24","guid":{"rendered":"https:\/\/lafuenteceramics.com\/index.php\/home-2\/"},"modified":"2026-04-28T13:05:36","modified_gmt":"2026-04-28T13:05:36","slug":"home-2","status":"publish","type":"page","link":"https:\/\/lafuenteceramics.com\/","title":{"rendered":"Home"},"content":{"rendered":"\t\t<div data-elementor-type=\"wp-page\" data-elementor-id=\"102\" class=\"elementor elementor-102\" data-elementor-post-type=\"page\">\n\t\t\t\t<div class=\"elementor-element elementor-element-7426c920 e-flex e-con-boxed e-con e-parent\" data-id=\"7426c920\" data-element_type=\"container\" data-e-type=\"container\" data-settings=\"{&quot;background_background&quot;:&quot;classic&quot;}\">\n\t\t\t\t\t<div class=\"e-con-inner\">\n\t\t\t\t<div class=\"elementor-element elementor-element-4a0fd027 elementor-widget elementor-widget-heading\" data-id=\"4a0fd027\" data-element_type=\"widget\" data-e-type=\"widget\" data-widget_type=\"heading.default\">\n\t\t\t\t\t<h1 class=\"elementor-heading-title elementor-size-default\">LAFUENTE<\/h1>\t\t\t\t<\/div>\n\t\t\t\t<div class=\"elementor-element elementor-element-4b7c188d elementor-align-center elementor-widget elementor-widget-button\" data-id=\"4b7c188d\" data-element_type=\"widget\" data-e-type=\"widget\" data-widget_type=\"button.default\">\n\t\t\t\t\t\t\t\t\t\t<a class=\"elementor-button elementor-button-link elementor-size-sm\" href=\"https:\/\/lafuenteceramics.com\/index.php\/contact\/\">\n\t\t\t\t\t\t<span class=\"elementor-button-content-wrapper\">\n\t\t\t\t\t\t\t\t\t<span class=\"elementor-button-text\">Get in touch<\/span>\n\t\t\t\t\t<\/span>\n\t\t\t\t\t<\/a>\n\t\t\t\t\t\t\t\t<\/div>\n\t\t\t\t\t<\/div>\n\t\t\t\t<\/div>\n\t\t<div class=\"elementor-element elementor-element-3034535b e-con-full e-flex e-con e-parent\" data-id=\"3034535b\" data-element_type=\"container\" data-e-type=\"container\">\n\t\t<div class=\"elementor-element elementor-element-6a263b30 e-con-full e-flex e-con e-child\" data-id=\"6a263b30\" data-element_type=\"container\" data-e-type=\"container\">\n\t\t\t\t<div class=\"elementor-element elementor-element-39b4cc8f elementor-widget elementor-widget-heading\" data-id=\"39b4cc8f\" data-element_type=\"widget\" data-e-type=\"widget\" data-widget_type=\"heading.default\">\n\t\t\t\t\t<h2 class=\"elementor-heading-title elementor-size-default\">About the artist<\/h2>\t\t\t\t<\/div>\n\t\t\t\t<div class=\"elementor-element elementor-element-2ef045f7 elementor-widget elementor-widget-heading\" data-id=\"2ef045f7\" data-element_type=\"widget\" data-e-type=\"widget\" data-widget_type=\"heading.default\">\n\t\t\t\t\t<h5 class=\"elementor-heading-title elementor-size-default\">DYRON LA FUENTE<\/h5>\t\t\t\t<\/div>\n\t\t\t\t<div class=\"elementor-element elementor-element-6cca1cbf elementor-widget elementor-widget-text-editor\" data-id=\"6cca1cbf\" data-element_type=\"widget\" data-e-type=\"widget\" data-widget_type=\"text-editor.default\">\n\t\t\t\t\t\t\t\t\t<p>Natural de La Habana y residente en Sevilla. Dyron Lafuente encuentra en la migraci\u00f3n y el mestizaje cultural el eje de su pr\u00e1ctica art\u00edstica. Trabaja la cer\u00e1mica moldeada en formas rotundas y colores intensos, creando composiciones que oscilan entre lo l\u00fadico y lo ritual. A trav\u00e9s de un lenguaje formal directo y simb\u00f3lico, su obra explora la pertenencia por burocracia o sentimiento, el arraigo y la transformaci\u00f3n del individuo en nuevos contextos.<\/p>\t\t\t\t\t\t\t\t<\/div>\n\t\t\t\t<div class=\"elementor-element elementor-element-5b473ebf elementor-invisible elementor-widget elementor-widget-button\" data-id=\"5b473ebf\" data-element_type=\"widget\" data-e-type=\"widget\" data-settings=\"{&quot;_animation&quot;:&quot;fadeInDown&quot;}\" data-widget_type=\"button.default\">\n\t\t\t\t\t\t\t\t\t\t<a class=\"elementor-button elementor-button-link elementor-size-sm\" href=\"https:\/\/lafuenteceramics.com\/index.php\/about\/\">\n\t\t\t\t\t\t<span class=\"elementor-button-content-wrapper\">\n\t\t\t\t\t\t\t\t\t<span class=\"elementor-button-text\">Learn More<\/span>\n\t\t\t\t\t<\/span>\n\t\t\t\t\t<\/a>\n\t\t\t\t\t\t\t\t<\/div>\n\t\t\t\t<\/div>\n\t\t<div class=\"elementor-element elementor-element-5b47e6ab e-con-full e-flex e-con e-child\" data-id=\"5b47e6ab\" data-element_type=\"container\" data-e-type=\"container\">\n\t\t\t\t<div class=\"elementor-element elementor-element-3f9683f3 elementor-widget elementor-widget-image\" data-id=\"3f9683f3\" data-element_type=\"widget\" data-e-type=\"widget\" data-widget_type=\"image.default\">\n\t\t\t\t\t\t\t\t\t\t\t\t\t\t\t<img fetchpriority=\"high\" decoding=\"async\" width=\"2051\" height=\"2163\" src=\"https:\/\/lafuenteceramics.com\/wp-content\/uploads\/2026\/03\/DSCF8642-scaled-e1773312173966.webp\" class=\"attachment-full size-full wp-image-144\" alt=\"\" srcset=\"https:\/\/lafuenteceramics.com\/wp-content\/uploads\/2026\/03\/DSCF8642-scaled-e1773312173966.webp 2051w, https:\/\/lafuenteceramics.com\/wp-content\/uploads\/2026\/03\/DSCF8642-scaled-e1773312173966-284x300.webp 284w, https:\/\/lafuenteceramics.com\/wp-content\/uploads\/2026\/03\/DSCF8642-scaled-e1773312173966-971x1024.webp 971w, https:\/\/lafuenteceramics.com\/wp-content\/uploads\/2026\/03\/DSCF8642-scaled-e1773312173966-768x810.webp 768w, https:\/\/lafuenteceramics.com\/wp-content\/uploads\/2026\/03\/DSCF8642-scaled-e1773312173966-1456x1536.webp 1456w, https:\/\/lafuenteceramics.com\/wp-content\/uploads\/2026\/03\/DSCF8642-scaled-e1773312173966-1942x2048.webp 1942w\" sizes=\"(max-width: 2051px) 100vw, 2051px\" \/>\t\t\t\t\t\t\t\t\t\t\t\t\t\t\t<\/div>\n\t\t\t\t<\/div>\n\t\t\t\t<\/div>\n\t\t<div class=\"elementor-element elementor-element-a0f57ec e-con-full e-flex e-con e-parent\" data-id=\"a0f57ec\" data-element_type=\"container\" data-e-type=\"container\">\n\t\t\t\t<div class=\"elementor-element elementor-element-49b32ff7 elementor-widget elementor-widget-heading\" data-id=\"49b32ff7\" data-element_type=\"widget\" data-e-type=\"widget\" data-widget_type=\"heading.default\">\n\t\t\t\t\t<h2 class=\"elementor-heading-title elementor-size-default\">Recent Projects<\/h2>\t\t\t\t<\/div>\n\t\t\t\t<div class=\"elementor-element elementor-element-32b9e17 elementor-widget elementor-widget-heading\" data-id=\"32b9e17\" data-element_type=\"widget\" data-e-type=\"widget\" data-widget_type=\"heading.default\">\n\t\t\t\t\t<h5 class=\"elementor-heading-title elementor-size-default\">Exposici\u00f3n disponible en Espacio Mondo l Mar. 20th - Apr. 30 th\nCalle Escoberos 26, Sevilla 41002<\/h5>\t\t\t\t<\/div>\n\t\t\t\t<div class=\"elementor-element elementor-element-53a6c907 gallery-spacing-custom elementor-widget elementor-widget-image-gallery\" data-id=\"53a6c907\" data-element_type=\"widget\" data-e-type=\"widget\" data-widget_type=\"image-gallery.default\">\n\t\t\t\t\t\t\t<div class=\"elementor-image-gallery\">\n\t\t\t<div id='gallery-1' class='gallery galleryid-102 gallery-columns-3 gallery-size-full'><figure class='gallery-item'>\n\t\t\t<div class='gallery-icon landscape'>\n\t\t\t\t<a data-elementor-open-lightbox=\"yes\" data-elementor-lightbox-slideshow=\"53a6c907\" data-elementor-lightbox-title=\"Alambique\" data-e-action-hash=\"#elementor-action%3Aaction%3Dlightbox%26settings%3DeyJpZCI6NDE2LCJ1cmwiOiJodHRwczpcL1wvbGFmdWVudGVjZXJhbWljcy5jb21cL3dwLWNvbnRlbnRcL3VwbG9hZHNcLzIwMjZcLzA0XC9BbGFtYmlxdWUtc2NhbGVkLndlYnAiLCJzbGlkZXNob3ciOiI1M2E2YzkwNyJ9\" href='https:\/\/lafuenteceramics.com\/wp-content\/uploads\/2026\/04\/Alambique-scaled.webp'><img decoding=\"async\" width=\"2560\" height=\"2560\" src=\"https:\/\/lafuenteceramics.com\/wp-content\/uploads\/2026\/04\/Alambique-scaled.webp\" class=\"attachment-full size-full\" alt=\"Alambique\" srcset=\"https:\/\/lafuenteceramics.com\/wp-content\/uploads\/2026\/04\/Alambique-scaled.webp 2560w, https:\/\/lafuenteceramics.com\/wp-content\/uploads\/2026\/04\/Alambique-300x300.webp 300w, https:\/\/lafuenteceramics.com\/wp-content\/uploads\/2026\/04\/Alambique-1024x1024.webp 1024w, https:\/\/lafuenteceramics.com\/wp-content\/uploads\/2026\/04\/Alambique-150x150.webp 150w, https:\/\/lafuenteceramics.com\/wp-content\/uploads\/2026\/04\/Alambique-768x768.webp 768w, https:\/\/lafuenteceramics.com\/wp-content\/uploads\/2026\/04\/Alambique-1536x1536.webp 1536w, https:\/\/lafuenteceramics.com\/wp-content\/uploads\/2026\/04\/Alambique-2048x2048.webp 2048w\" sizes=\"(max-width: 2560px) 100vw, 2560px\" \/><\/a>\n\t\t\t<\/div><\/figure><figure class='gallery-item'>\n\t\t\t<div class='gallery-icon landscape'>\n\t\t\t\t<a data-elementor-open-lightbox=\"yes\" data-elementor-lightbox-slideshow=\"53a6c907\" data-elementor-lightbox-title=\"Farola\" data-e-action-hash=\"#elementor-action%3Aaction%3Dlightbox%26settings%3DeyJpZCI6NDE3LCJ1cmwiOiJodHRwczpcL1wvbGFmdWVudGVjZXJhbWljcy5jb21cL3dwLWNvbnRlbnRcL3VwbG9hZHNcLzIwMjZcLzA0XC9EZXRhbGxlRmFyb2xhLXNjYWxlZC53ZWJwIiwic2xpZGVzaG93IjoiNTNhNmM5MDcifQ%3D%3D\" href='https:\/\/lafuenteceramics.com\/wp-content\/uploads\/2026\/04\/DetalleFarola-scaled.webp'><img decoding=\"async\" width=\"2560\" height=\"2560\" src=\"https:\/\/lafuenteceramics.com\/wp-content\/uploads\/2026\/04\/DetalleFarola-scaled.webp\" class=\"attachment-full size-full\" alt=\"Farola\" srcset=\"https:\/\/lafuenteceramics.com\/wp-content\/uploads\/2026\/04\/DetalleFarola-scaled.webp 2560w, https:\/\/lafuenteceramics.com\/wp-content\/uploads\/2026\/04\/DetalleFarola-300x300.webp 300w, https:\/\/lafuenteceramics.com\/wp-content\/uploads\/2026\/04\/DetalleFarola-1024x1024.webp 1024w, https:\/\/lafuenteceramics.com\/wp-content\/uploads\/2026\/04\/DetalleFarola-150x150.webp 150w, https:\/\/lafuenteceramics.com\/wp-content\/uploads\/2026\/04\/DetalleFarola-768x768.webp 768w, https:\/\/lafuenteceramics.com\/wp-content\/uploads\/2026\/04\/DetalleFarola-1536x1536.webp 1536w, https:\/\/lafuenteceramics.com\/wp-content\/uploads\/2026\/04\/DetalleFarola-2048x2048.webp 2048w\" sizes=\"(max-width: 2560px) 100vw, 2560px\" \/><\/a>\n\t\t\t<\/div><\/figure><figure class='gallery-item'>\n\t\t\t<div class='gallery-icon landscape'>\n\t\t\t\t<a data-elementor-open-lightbox=\"yes\" data-elementor-lightbox-slideshow=\"53a6c907\" data-elementor-lightbox-title=\"Pap\u00e1 y Nen\u00e9\" data-e-action-hash=\"#elementor-action%3Aaction%3Dlightbox%26settings%3DeyJpZCI6NDE4LCJ1cmwiOiJodHRwczpcL1wvbGFmdWVudGVjZXJhbWljcy5jb21cL3dwLWNvbnRlbnRcL3VwbG9hZHNcLzIwMjZcLzA0XC9EZXRhbGxlTmVuZS1zY2FsZWQud2VicCIsInNsaWRlc2hvdyI6IjUzYTZjOTA3In0%3D\" href='https:\/\/lafuenteceramics.com\/wp-content\/uploads\/2026\/04\/DetalleNene-scaled.webp'><img loading=\"lazy\" decoding=\"async\" width=\"2560\" height=\"2560\" src=\"https:\/\/lafuenteceramics.com\/wp-content\/uploads\/2026\/04\/DetalleNene-scaled.webp\" class=\"attachment-full size-full\" alt=\"Pap\u00e1 y Nen\u00e9\" srcset=\"https:\/\/lafuenteceramics.com\/wp-content\/uploads\/2026\/04\/DetalleNene-scaled.webp 2560w, https:\/\/lafuenteceramics.com\/wp-content\/uploads\/2026\/04\/DetalleNene-300x300.webp 300w, https:\/\/lafuenteceramics.com\/wp-content\/uploads\/2026\/04\/DetalleNene-1024x1024.webp 1024w, https:\/\/lafuenteceramics.com\/wp-content\/uploads\/2026\/04\/DetalleNene-150x150.webp 150w, https:\/\/lafuenteceramics.com\/wp-content\/uploads\/2026\/04\/DetalleNene-768x768.webp 768w, https:\/\/lafuenteceramics.com\/wp-content\/uploads\/2026\/04\/DetalleNene-1536x1536.webp 1536w, https:\/\/lafuenteceramics.com\/wp-content\/uploads\/2026\/04\/DetalleNene-2048x2048.webp 2048w\" sizes=\"(max-width: 2560px) 100vw, 2560px\" \/><\/a>\n\t\t\t<\/div><\/figure>\n\t\t<\/div>\n\t\t<\/div>\n\t\t\t\t\t\t<\/div>\n\t\t\t\t<div class=\"elementor-element elementor-element-5a92b038 elementor-align-center elementor-invisible elementor-widget elementor-widget-button\" data-id=\"5a92b038\" data-element_type=\"widget\" data-e-type=\"widget\" data-settings=\"{&quot;_animation&quot;:&quot;fadeInDown&quot;}\" data-widget_type=\"button.default\">\n\t\t\t\t\t\t\t\t\t\t<a class=\"elementor-button elementor-button-link elementor-size-sm\" href=\"https:\/\/lafuenteceramics.com\/index.php\/portfolio\/\">\n\t\t\t\t\t\t<span class=\"elementor-button-content-wrapper\">\n\t\t\t\t\t\t\t\t\t<span class=\"elementor-button-text\">View All Projects<\/span>\n\t\t\t\t\t<\/span>\n\t\t\t\t\t<\/a>\n\t\t\t\t\t\t\t\t<\/div>\n\t\t\t\t<\/div>\n\t\t<div class=\"elementor-element elementor-element-35ead84 e-con-full e-flex e-con e-parent\" data-id=\"35ead84\" data-element_type=\"container\" data-e-type=\"container\" data-settings=\"{&quot;background_background&quot;:&quot;classic&quot;}\">\n\t\t<div class=\"elementor-element elementor-element-71bb8e8 e-con-full e-flex e-con e-child\" data-id=\"71bb8e8\" data-element_type=\"container\" data-e-type=\"container\">\n\t\t\t\t<div class=\"elementor-element elementor-element-85b9efa elementor-widget elementor-widget-heading\" data-id=\"85b9efa\" data-element_type=\"widget\" data-e-type=\"widget\" data-widget_type=\"heading.default\">\n\t\t\t\t\t<h2 class=\"elementor-heading-title elementor-size-default\">Contact<\/h2>\t\t\t\t<\/div>\n\t\t\t\t<div class=\"elementor-element elementor-element-533d897 elementor-widget elementor-widget-text-editor\" data-id=\"533d897\" data-element_type=\"widget\" data-e-type=\"widget\" data-widget_type=\"text-editor.default\">\n\t\t\t\t\t\t\t\t\t<p>Lafuenteceramics@gmail.com<\/p>\t\t\t\t\t\t\t\t<\/div>\n\t\t\t\t<div class=\"elementor-element elementor-element-c9683fc elementor-shape-circle e-grid-align-left elementor-grid-0 elementor-widget elementor-widget-social-icons\" data-id=\"c9683fc\" data-element_type=\"widget\" data-e-type=\"widget\" data-widget_type=\"social-icons.default\">\n\t\t\t\t\t\t\t<div class=\"elementor-social-icons-wrapper elementor-grid\" role=\"list\">\n\t\t\t\t\t\t\t<span class=\"elementor-grid-item\" role=\"listitem\">\n\t\t\t\t\t<a class=\"elementor-icon elementor-social-icon elementor-social-icon-instagram elementor-repeater-item-d64c455\" href=\"https:\/\/www.instagram.com\/lafuente_ceramics\/\" target=\"_blank\">\n\t\t\t\t\t\t<span class=\"elementor-screen-only\">Instagram<\/span>\n\t\t\t\t\t\t<svg aria-hidden=\"true\" class=\"e-font-icon-svg e-fab-instagram\" viewBox=\"0 0 448 512\" xmlns=\"http:\/\/www.w3.org\/2000\/svg\"><path d=\"M224.1 141c-63.6 0-114.9 51.3-114.9 114.9s51.3 114.9 114.9 114.9S339 319.5 339 255.9 287.7 141 224.1 141zm0 189.6c-41.1 0-74.7-33.5-74.7-74.7s33.5-74.7 74.7-74.7 74.7 33.5 74.7 74.7-33.6 74.7-74.7 74.7zm146.4-194.3c0 14.9-12 26.8-26.8 26.8-14.9 0-26.8-12-26.8-26.8s12-26.8 26.8-26.8 26.8 12 26.8 26.8zm76.1 27.2c-1.7-35.9-9.9-67.7-36.2-93.9-26.2-26.2-58-34.4-93.9-36.2-37-2.1-147.9-2.1-184.9 0-35.8 1.7-67.6 9.9-93.9 36.1s-34.4 58-36.2 93.9c-2.1 37-2.1 147.9 0 184.9 1.7 35.9 9.9 67.7 36.2 93.9s58 34.4 93.9 36.2c37 2.1 147.9 2.1 184.9 0 35.9-1.7 67.7-9.9 93.9-36.2 26.2-26.2 34.4-58 36.2-93.9 2.1-37 2.1-147.8 0-184.8zM398.8 388c-7.8 19.6-22.9 34.7-42.6 42.6-29.5 11.7-99.5 9-132.1 9s-102.7 2.6-132.1-9c-19.6-7.8-34.7-22.9-42.6-42.6-11.7-29.5-9-99.5-9-132.1s-2.6-102.7 9-132.1c7.8-19.6 22.9-34.7 42.6-42.6 29.5-11.7 99.5-9 132.1-9s102.7-2.6 132.1 9c19.6 7.8 34.7 22.9 42.6 42.6 11.7 29.5 9 99.5 9 132.1s2.7 102.7-9 132.1z\"><\/path><\/svg>\t\t\t\t\t<\/a>\n\t\t\t\t<\/span>\n\t\t\t\t\t\t\t<span class=\"elementor-grid-item\" role=\"listitem\">\n\t\t\t\t\t<a class=\"elementor-icon elementor-social-icon elementor-social-icon-tiktok elementor-repeater-item-74ec0fd\" href=\"https:\/\/www.tiktok.com\/@lafuenteceramics?_r=1&#038;_t=ZN-94lYrhoxsL0\" target=\"_blank\">\n\t\t\t\t\t\t<span class=\"elementor-screen-only\">Tiktok<\/span>\n\t\t\t\t\t\t<svg aria-hidden=\"true\" class=\"e-font-icon-svg e-fab-tiktok\" viewBox=\"0 0 448 512\" xmlns=\"http:\/\/www.w3.org\/2000\/svg\"><path d=\"M448,209.91a210.06,210.06,0,0,1-122.77-39.25V349.38A162.55,162.55,0,1,1,185,188.31V278.2a74.62,74.62,0,1,0,52.23,71.18V0l88,0a121.18,121.18,0,0,0,1.86,22.17h0A122.18,122.18,0,0,0,381,102.39a121.43,121.43,0,0,0,67,20.14Z\"><\/path><\/svg>\t\t\t\t\t<\/a>\n\t\t\t\t<\/span>\n\t\t\t\t\t<\/div>\n\t\t\t\t\t\t<\/div>\n\t\t\t\t<div class=\"elementor-element elementor-element-d8eaea4 elementor-invisible elementor-widget elementor-widget-button\" data-id=\"d8eaea4\" data-element_type=\"widget\" data-e-type=\"widget\" data-settings=\"{&quot;_animation&quot;:&quot;fadeInDown&quot;}\" data-widget_type=\"button.default\">\n\t\t\t\t\t\t\t\t\t\t<a class=\"elementor-button elementor-button-link elementor-size-sm\" href=\"https:\/\/lafuenteceramics.com\/index.php\/contact\/\">\n\t\t\t\t\t\t<span class=\"elementor-button-content-wrapper\">\n\t\t\t\t\t\t\t\t\t<span class=\"elementor-button-text\">Get in touch<\/span>\n\t\t\t\t\t<\/span>\n\t\t\t\t\t<\/a>\n\t\t\t\t\t\t\t\t<\/div>\n\t\t\t\t<\/div>\n\t\t<div class=\"elementor-element elementor-element-52197e8 e-con-full e-flex e-con e-child\" data-id=\"52197e8\" data-element_type=\"container\" data-e-type=\"container\">\n\t\t\t\t<div class=\"elementor-element elementor-element-c2089a7 elementor-widget elementor-widget-image\" data-id=\"c2089a7\" data-element_type=\"widget\" data-e-type=\"widget\" data-widget_type=\"image.default\">\n\t\t\t\t\t\t\t\t\t\t\t\t\t\t\t<img loading=\"lazy\" decoding=\"async\" width=\"2051\" height=\"1532\" src=\"https:\/\/lafuenteceramics.com\/wp-content\/uploads\/2026\/03\/DSCF8662-scaled-e1774013240428.webp\" class=\"attachment-full size-full wp-image-148\" alt=\"Peineta Dyron La Fuente\" srcset=\"https:\/\/lafuenteceramics.com\/wp-content\/uploads\/2026\/03\/DSCF8662-scaled-e1774013240428.webp 2051w, https:\/\/lafuenteceramics.com\/wp-content\/uploads\/2026\/03\/DSCF8662-scaled-e1774013240428-300x224.webp 300w, https:\/\/lafuenteceramics.com\/wp-content\/uploads\/2026\/03\/DSCF8662-scaled-e1774013240428-1024x765.webp 1024w, https:\/\/lafuenteceramics.com\/wp-content\/uploads\/2026\/03\/DSCF8662-scaled-e1774013240428-768x574.webp 768w, https:\/\/lafuenteceramics.com\/wp-content\/uploads\/2026\/03\/DSCF8662-scaled-e1774013240428-1536x1147.webp 1536w, https:\/\/lafuenteceramics.com\/wp-content\/uploads\/2026\/03\/DSCF8662-scaled-e1774013240428-2048x1530.webp 2048w\" sizes=\"(max-width: 2051px) 100vw, 2051px\" \/>\t\t\t\t\t\t\t\t\t\t\t\t\t\t\t<\/div>\n\t\t\t\t<\/div>\n\t\t\t\t<\/div>\n\t\t\t\t<\/div>\n\t\t","protected":false},"excerpt":{"rendered":"<p>LAFUENTE Get in touch About the artist DYRON LA FUENTE Natural de La Habana y residente en Sevilla. Dyron Lafuente encuentra en la migraci\u00f3n y el mestizaje cultural el eje de su pr\u00e1ctica art\u00edstica. Trabaja la cer\u00e1mica moldeada en formas rotundas y colores intensos, creando composiciones que oscilan entre lo l\u00fadico y lo ritual. A [&hellip;]<\/p>\n","protected":false},"author":1,"featured_media":106,"parent":0,"menu_order":0,"comment_status":"closed","ping_status":"closed","template":"elementor_header_footer","meta":{"footnotes":""},"class_list":["post-102","page","type-page","status-publish","has-post-thumbnail","hentry"],"_links":{"self":[{"href":"https:\/\/lafuenteceramics.com\/index.php\/wp-json\/wp\/v2\/pages\/102","targetHints":{"allow":["GET"]}}],"collection":[{"href":"https:\/\/lafuenteceramics.com\/index.php\/wp-json\/wp\/v2\/pages"}],"about":[{"href":"https:\/\/lafuenteceramics.com\/index.php\/wp-json\/wp\/v2\/types\/page"}],"author":[{"embeddable":true,"href":"https:\/\/lafuenteceramics.com\/index.php\/wp-json\/wp\/v2\/users\/1"}],"replies":[{"embeddable":true,"href":"https:\/\/lafuenteceramics.com\/index.php\/wp-json\/wp\/v2\/comments?post=102"}],"version-history":[{"count":103,"href":"https:\/\/lafuenteceramics.com\/index.php\/wp-json\/wp\/v2\/pages\/102\/revisions"}],"predecessor-version":[{"id":492,"href":"https:\/\/lafuenteceramics.com\/index.php\/wp-json\/wp\/v2\/pages\/102\/revisions\/492"}],"wp:featuredmedia":[{"embeddable":true,"href":"https:\/\/lafuenteceramics.com\/index.php\/wp-json\/wp\/v2\/media\/106"}],"wp:attachment":[{"href":"https:\/\/lafuenteceramics.com\/index.php\/wp-json\/wp\/v2\/media?parent=102"}],"curies":[{"name":"wp","href":"https:\/\/api.w.org\/{rel}","templated":true}]}}